{"id":18,"date":"2016-11-27T08:34:29","date_gmt":"2016-11-27T08:34:29","guid":{"rendered":"http:\/\/demo.loftocean.com\/berry\/?page_id=18"},"modified":"2020-05-14T12:54:40","modified_gmt":"2020-05-14T10:54:40","slug":"contact","status":"publish","type":"page","link":"https:\/\/www.cannabis.es\/pw\/contact\/","title":{"rendered":"\u00bfQuienes somos?"},"content":{"rendered":"\n<p><strong>Cannabis.es<\/strong>&nbsp;es una plataforma multimedia dedicada al cannabis y otras sustancias psicoactivas. Nuestro objetivo principal es informar con criterio y dar soporte a la comunidad cann\u00e1bica en toda su amplitud.<\/p>\n\n\n\n<p>En&nbsp;<strong>Abril de 2015<\/strong>&nbsp;nuestro portal multimedia cobra vida. Cannabis.es un medio exclusivamente online y totalmente gratuito, adaptado al contexto actual y dotado de todas las ventajas que nos ofrecen las nuevas tecnolog\u00edas. Pero la innovaci\u00f3n no est\u00e1 re\u00f1ida con la tradici\u00f3n y nuestro proyecto est\u00e1 asentado en la tierra: somos profesionales del sector, con una extensa trayectoria en el mundo cann\u00e1bico, y hemos formado un equipo estable avalado por su experiencia: especialistas de diversos \u00e1mbitos, periodistas, bloggers, cultivadores y consultores de prestigio en el mundo cann\u00e1bico.<\/p>\n\n\n\n<p><strong>Cannabis.es<\/strong>&nbsp;surge al comp\u00e1s de un tiempo distinto, que requiere un nuevo lenguaje. El panorama internacional en torno a las drogas est\u00e1 viviendo un momento hist\u00f3rico, nunca visto anteriormente. Al mismo tiempo, la comunidad cient\u00edfica avanza a pasos agigantados y protagoniza un debate sincero, abriendo nuevas v\u00edas de investigaci\u00f3n y descubriendo aplicaciones para todo tipo de sustancias en beneficio de la salud p\u00fablica.<\/p>\n\n\n\n<p>Estamos aqu\u00ed para contarte lo que pasa a tu alrededor, desde un punto de vista distinto al habitual. Desde la experiencia, sin tapujos y sin cortapisas, vamos a trabajar para dar visibilidad al cannabis y todo tipo de drogas. Creemos que la ignorancia es el mayor enemigo de la libertad y queremos que dispongas de la mejor informaci\u00f3n. Y no queremos hacerlo solos, queremos que&nbsp;<strong>Cannabis.es<\/strong>&nbsp;se construya con vosotros y que juntos sembremos la semilla de un proyecto en constante crecimiento. Un lugar donde podamos encontrarnos y ayudarnos sobre la base de una informaci\u00f3n honesta y contrastada.<\/p>\n\n\n\n<p>Iniciamos esta andadura con la vocaci\u00f3n de convertirnos en un medio de comunicaci\u00f3n con criterio que se asiente sobre la premisa fundamental de proporcionar a nuestros lectores informaci\u00f3n \u00fatil y veraz.<\/p>\n\n\n\n<p>Te invitamos a conocernos y a asomarte a esta nueva ventana desde la que mirar el mundo. \u00a1Adelante! \u00a1Acomp\u00e1\u00f1anos! Porque es tiempo de cambio, es tiempo de\u00a0<strong>Cannabis.es<\/strong>.<\/p>\n\n\n\n\n\n\n\n<p><a href=\"mailto:info@cannabis.es\">info@cannabis.es<\/a><\/p>\n","protected":false},"excerpt":{"rendered":"Cannabis.es&nbsp;es una plataforma multimedia dedicada al cannabis y otras sustancias psicoactivas. Nuestro objetivo principal es informar con criterio y dar soporte a la comunidad cann\u00e1bica en toda su amplitud. En&nbsp;Abril de 2015&nbsp;nuestro portal multimedia cobra vida. Cannabis.es un medio exclusivamente online y totalmente gratuito, adaptado al contexto actual y dotado de todas las ventajas que [&hellip;]","protected":false},"author":1,"featured_media":0,"parent":0,"menu_order":0,"comment_status":"closed","ping_status":"closed","template":"","meta":{"loftocean-featured-post":"","loftocean_post_format_gallery":"","loftocean_post_format_gallery_ids":"","loftocean_post_format_gallery_urls":"","loftocean_post_format_video_id":"","loftocean_post_format_video_url":"","loftocean_post_format_video_type":"","loftocean_post_format_video":"","loftocean_post_format_audio_type":"","loftocean_post_format_audio_url":"","loftocean_post_format_audio_id":"","loftocean_post_format_audio":"","loftocean_post_format_quote_text":"","loftocean_post_format_quote_byline":"","loftocean_post_format_link_text":"","loftocean_post_format_link_url":"","ceramag_post_header_style":"","ceramag_enable_background_video":"","ceramag_show_in_top_slider":"","ceramag_post_background_video_start":"","ceramag_post_background_video_end":"","loftocean_page_background_video_id":"","loftocean_page_background_video_url":"","loftocean_page_background_video_type":"","loftocean_page_background_video":"","ceramag_background_video_start":"","ceramag_background_video_end":"","ceramag_single_page_hide_header":"","footnotes":""},"class_list":["post-18","page","type-page","status-publish","hentry"],"yoast_head":"<!-- This site is optimized with the Yoast SEO plugin v24.9 - https:\/\/yoast.com\/wordpress\/plugins\/seo\/ -->\n<title>\u00bfQuienes somos? &#8226; Cannabis<\/title>\n<meta name=\"robots\" content=\"index, follow, max-snippet:-1, max-image-preview:large, max-video-preview:-1\" \/>\n<link rel=\"canonical\" href=\"https:\/\/www.cannabis.es\/pw\/contact\/\" \/>\n<meta name=\"twitter:card\" content=\"summary_large_image\" \/>\n<meta name=\"twitter:title\" content=\"\u00bfQuienes somos? &#8226; Cannabis\" \/>\n<meta name=\"twitter:description\" content=\"Cannabis.es&nbsp;es una plataforma multimedia dedicada al cannabis y otras sustancias psicoactivas. Nuestro objetivo principal es informar con criterio y dar soporte a la comunidad cann\u00e1bica en toda su amplitud. En&nbsp;Abril de 2015&nbsp;nuestro portal multimedia cobra vida. Cannabis.es un medio exclusivamente online y totalmente gratuito, adaptado al contexto actual y dotado de todas las ventajas que [&hellip;]\" \/>\n<meta name=\"twitter:site\" content=\"@cannabis_es\" \/>\n<meta name=\"twitter:label1\" content=\"Tiempo de lectura\" \/>\n\t<meta name=\"twitter:data1\" content=\"2 minutos\" \/>\n<script type=\"application\/ld+json\" class=\"yoast-schema-graph\">{\"@context\":\"https:\/\/schema.org\",\"@graph\":[{\"@type\":\"WebPage\",\"@id\":\"https:\/\/www.cannabis.es\/pw\/contact\/\",\"url\":\"https:\/\/www.cannabis.es\/pw\/contact\/\",\"name\":\"\u00bfQuienes somos? &#8226; Cannabis\",\"isPartOf\":{\"@id\":\"https:\/\/www.cannabis.es\/pw\/#website\"},\"datePublished\":\"2016-11-27T08:34:29+00:00\",\"dateModified\":\"2020-05-14T10:54:40+00:00\",\"breadcrumb\":{\"@id\":\"https:\/\/www.cannabis.es\/pw\/contact\/#breadcrumb\"},\"inLanguage\":\"es\",\"potentialAction\":[{\"@type\":\"ReadAction\",\"target\":[\"https:\/\/www.cannabis.es\/pw\/contact\/\"]}]},{\"@type\":\"BreadcrumbList\",\"@id\":\"https:\/\/www.cannabis.es\/pw\/contact\/#breadcrumb\",\"itemListElement\":[{\"@type\":\"ListItem\",\"position\":1,\"name\":\"Portada\",\"item\":\"http:\/\/www.cannabis.es\/pw\/\"},{\"@type\":\"ListItem\",\"position\":2,\"name\":\"\u00bfQuienes somos?\"}]},{\"@type\":\"WebSite\",\"@id\":\"https:\/\/www.cannabis.es\/pw\/#website\",\"url\":\"https:\/\/www.cannabis.es\/pw\/\",\"name\":\"Cannabis\",\"description\":\"Portal multimedia sobre cannabis y otras sustancias\",\"publisher\":{\"@id\":\"https:\/\/www.cannabis.es\/pw\/#organization\"},\"potentialAction\":[{\"@type\":\"SearchAction\",\"target\":{\"@type\":\"EntryPoint\",\"urlTemplate\":\"https:\/\/www.cannabis.es\/pw\/?s={search_term_string}\"},\"query-input\":{\"@type\":\"PropertyValueSpecification\",\"valueRequired\":true,\"valueName\":\"search_term_string\"}}],\"inLanguage\":\"es\"},{\"@type\":\"Organization\",\"@id\":\"https:\/\/www.cannabis.es\/pw\/#organization\",\"name\":\"Cannabis.es\",\"url\":\"https:\/\/www.cannabis.es\/pw\/\",\"logo\":{\"@type\":\"ImageObject\",\"inLanguage\":\"es\",\"@id\":\"https:\/\/www.cannabis.es\/pw\/#\/schema\/logo\/image\/\",\"url\":\"https:\/\/www.cannabis.es\/pw\/wp-content\/uploads\/2019\/04\/cropped-logo_cannabis.png\",\"contentUrl\":\"https:\/\/www.cannabis.es\/pw\/wp-content\/uploads\/2019\/04\/cropped-logo_cannabis.png\",\"width\":361,\"height\":120,\"caption\":\"Cannabis.es\"},\"image\":{\"@id\":\"https:\/\/www.cannabis.es\/pw\/#\/schema\/logo\/image\/\"},\"sameAs\":[\"https:\/\/x.com\/cannabis_es\"]}]}<\/script>\n<!-- \/ Yoast SEO plugin. -->","yoast_head_json":{"title":"\u00bfQuienes somos? &#8226; Cannabis","robots":{"index":"index","follow":"follow","max-snippet":"max-snippet:-1","max-image-preview":"max-image-preview:large","max-video-preview":"max-video-preview:-1"},"canonical":"https:\/\/www.cannabis.es\/pw\/contact\/","twitter_card":"summary_large_image","twitter_title":"\u00bfQuienes somos? &#8226; Cannabis","twitter_description":"Cannabis.es&nbsp;es una plataforma multimedia dedicada al cannabis y otras sustancias psicoactivas. Nuestro objetivo principal es informar con criterio y dar soporte a la comunidad cann\u00e1bica en toda su amplitud. En&nbsp;Abril de 2015&nbsp;nuestro portal multimedia cobra vida. Cannabis.es un medio exclusivamente online y totalmente gratuito, adaptado al contexto actual y dotado de todas las ventajas que [&hellip;]","twitter_site":"@cannabis_es","twitter_misc":{"Tiempo de lectura":"2 minutos"},"schema":{"@context":"https:\/\/schema.org","@graph":[{"@type":"WebPage","@id":"https:\/\/www.cannabis.es\/pw\/contact\/","url":"https:\/\/www.cannabis.es\/pw\/contact\/","name":"\u00bfQuienes somos? &#8226; Cannabis","isPartOf":{"@id":"https:\/\/www.cannabis.es\/pw\/#website"},"datePublished":"2016-11-27T08:34:29+00:00","dateModified":"2020-05-14T10:54:40+00:00","breadcrumb":{"@id":"https:\/\/www.cannabis.es\/pw\/contact\/#breadcrumb"},"inLanguage":"es","potentialAction":[{"@type":"ReadAction","target":["https:\/\/www.cannabis.es\/pw\/contact\/"]}]},{"@type":"BreadcrumbList","@id":"https:\/\/www.cannabis.es\/pw\/contact\/#breadcrumb","itemListElement":[{"@type":"ListItem","position":1,"name":"Portada","item":"http:\/\/www.cannabis.es\/pw\/"},{"@type":"ListItem","position":2,"name":"\u00bfQuienes somos?"}]},{"@type":"WebSite","@id":"https:\/\/www.cannabis.es\/pw\/#website","url":"https:\/\/www.cannabis.es\/pw\/","name":"Cannabis","description":"Portal multimedia sobre cannabis y otras sustancias","publisher":{"@id":"https:\/\/www.cannabis.es\/pw\/#organization"},"potentialAction":[{"@type":"SearchAction","target":{"@type":"EntryPoint","urlTemplate":"https:\/\/www.cannabis.es\/pw\/?s={search_term_string}"},"query-input":{"@type":"PropertyValueSpecification","valueRequired":true,"valueName":"search_term_string"}}],"inLanguage":"es"},{"@type":"Organization","@id":"https:\/\/www.cannabis.es\/pw\/#organization","name":"Cannabis.es","url":"https:\/\/www.cannabis.es\/pw\/","logo":{"@type":"ImageObject","inLanguage":"es","@id":"https:\/\/www.cannabis.es\/pw\/#\/schema\/logo\/image\/","url":"https:\/\/www.cannabis.es\/pw\/wp-content\/uploads\/2019\/04\/cropped-logo_cannabis.png","contentUrl":"https:\/\/www.cannabis.es\/pw\/wp-content\/uploads\/2019\/04\/cropped-logo_cannabis.png","width":361,"height":120,"caption":"Cannabis.es"},"image":{"@id":"https:\/\/www.cannabis.es\/pw\/#\/schema\/logo\/image\/"},"sameAs":["https:\/\/x.com\/cannabis_es"]}]}},"_links":{"self":[{"href":"https:\/\/www.cannabis.es\/pw\/wp-json\/wp\/v2\/pages\/18","targetHints":{"allow":["GET"]}}],"collection":[{"href":"https:\/\/www.cannabis.es\/pw\/wp-json\/wp\/v2\/pages"}],"about":[{"href":"https:\/\/www.cannabis.es\/pw\/wp-json\/wp\/v2\/types\/page"}],"author":[{"embeddable":true,"href":"https:\/\/www.cannabis.es\/pw\/wp-json\/wp\/v2\/users\/1"}],"replies":[{"embeddable":true,"href":"https:\/\/www.cannabis.es\/pw\/wp-json\/wp\/v2\/comments?post=18"}],"version-history":[{"count":4,"href":"https:\/\/www.cannabis.es\/pw\/wp-json\/wp\/v2\/pages\/18\/revisions"}],"predecessor-version":[{"id":933,"href":"https:\/\/www.cannabis.es\/pw\/wp-json\/wp\/v2\/pages\/18\/revisions\/933"}],"wp:attachment":[{"href":"https:\/\/www.cannabis.es\/pw\/wp-json\/wp\/v2\/media?parent=18"}],"curies":[{"name":"wp","href":"https:\/\/api.w.org\/{rel}","templated":true}]}}