{"id":471,"date":"2017-02-17T08:18:45","date_gmt":"2017-02-17T08:18:45","guid":{"rendered":"http:\/\/demotesting.loftocean.com\/?page_id=471"},"modified":"2020-06-16T14:54:47","modified_gmt":"2020-06-16T12:54:47","slug":"drogopedia","status":"publish","type":"page","link":"https:\/\/www.cannabis.es\/pw\/drogopedia\/","title":{"rendered":"Drogopedia"},"content":{"rendered":"<p>Bienvenidos a la&nbsp;<strong>Drogopedia<\/strong>&nbsp;de&nbsp;<strong>Cannabis.es<\/strong><\/p>\n<p>En este espacio encontrar\u00e9is una recopilaci\u00f3n de fichas (que iremos ampliando y revisando constantemente) con informaci\u00f3n acerca de diversas sustancias, que incluyen descripciones de sus or\u00edgenes, efectos, usos y peligros m\u00e1s comunes, adem\u00e1s de su estatus legal en nuestro pa\u00eds.<\/p>\n<p>Desde&nbsp;<strong>Cannabis.es<\/strong> siempre te aconsejaremos que no consumas ninguna de estas sustancias, pero si a pesar de todo decides consumirlas, emplea esta informaci\u00f3n (y toda la que puedas conseguir) para hacerlo con conocimiento y para prevenir situaciones de riesgo innecesarias que pueden suponer una amenaza real para tu salud, y que en algunos casos, pueden poner en peligro tu vida.<\/p>\n\n\n<div class=\"wp-block-image\"><figure class=\"alignleft is-resized\"><a href=\"https:\/\/www.cannabis.es\/pw\/2015\/02\/11\/2c-b\/\"><img loading=\"lazy\" decoding=\"async\" src=\"https:\/\/www.cannabis.es\/pw\/wp-content\/uploads\/2019\/04\/2cb-300x149.jpg\" alt=\"\" class=\"wp-image-1200\" width=\"175\" height=\"75\"\/><\/a><figcaption>2C-B<\/figcaption><\/figure><\/div>\n\n\n\n<div class=\"wp-block-image\"><figure class=\"alignleft is-resized\"><a href=\"https:\/\/www.cannabis.es\/pw\/2015\/02\/11\/alcohol\/\"><img loading=\"lazy\" decoding=\"async\" src=\"https:\/\/www.cannabis.es\/pw\/wp-content\/uploads\/2019\/04\/alcohol-300x149.jpg\" alt=\"\" class=\"wp-image-1198\" width=\"175\" height=\"75\"\/><\/a><figcaption>Alcohol<\/figcaption><\/figure><\/div>\n\n\n\n<div class=\"wp-block-image\"><figure class=\"alignleft is-resized\"><a href=\"https:\/\/www.cannabis.es\/pw\/2015\/02\/11\/amanitas\/\"><img loading=\"lazy\" decoding=\"async\" src=\"https:\/\/www.cannabis.es\/pw\/wp-content\/uploads\/2019\/04\/drogopedia_amanitas-300x149.jpg\" alt=\"\" class=\"wp-image-1199\" width=\"175\" height=\"75\"\/><\/a><figcaption>Amanitas<\/figcaption><\/figure><\/div>\n\n\n\n<div class=\"wp-block-image\"><figure class=\"alignleft is-resized\"><a href=\"https:\/\/www.cannabis.es\/pw\/2015\/02\/11\/ayahuasca\/\"><img loading=\"lazy\" decoding=\"async\" src=\"https:\/\/www.cannabis.es\/pw\/wp-content\/uploads\/2019\/04\/ayahuasca_yage-300x149.jpg\" alt=\"\" class=\"wp-image-1195\" width=\"175\" height=\"75\"\/><\/a><figcaption>Ayahuasca<\/figcaption><\/figure><\/div>\n\n\n\n<div class=\"wp-block-image\"><figure class=\"alignleft is-resized\"><a href=\"https:\/\/www.cannabis.es\/pw\/2015\/02\/11\/benzodiacepinas\/\"><img loading=\"lazy\" decoding=\"async\" src=\"https:\/\/www.cannabis.es\/pw\/wp-content\/uploads\/2019\/04\/benzodiacepinas-300x149.jpg\" alt=\"\" class=\"wp-image-1196\" width=\"175\" height=\"75\"\/><\/a><figcaption>Benzodiacepinas<\/figcaption><\/figure><\/div>\n\n\n\n<div class=\"wp-block-image\"><figure class=\"alignleft is-resized\"><a href=\"https:\/\/www.cannabis.es\/pw\/2015\/02\/11\/codeina\/\"><img loading=\"lazy\" decoding=\"async\" src=\"https:\/\/www.cannabis.es\/pw\/wp-content\/uploads\/2019\/04\/CODEINA_SUSTANCIA-300x149.jpg\" alt=\"\" class=\"wp-image-1197\" width=\"175\" height=\"75\"\/><\/a><figcaption>Code\u00edna<\/figcaption><\/figure><\/div>\n\n\n\n<div class=\"wp-block-image\"><figure class=\"alignleft is-resized\"><a href=\"https:\/\/www.cannabis.es\/pw\/2015\/02\/11\/cafeina\/\"><img loading=\"lazy\" decoding=\"async\" src=\"https:\/\/www.cannabis.es\/pw\/wp-content\/uploads\/2019\/04\/cafeina-300x149.jpg\" alt=\"\" class=\"wp-image-1231\" width=\"175\" height=\"75\"\/><\/a><figcaption>Cafe\u00edna<\/figcaption><\/figure><\/div>\n\n\n\n<div class=\"wp-block-image\"><figure class=\"alignleft is-resized\"><a href=\"https:\/\/www.cannabis.es\/pw\/2015\/02\/11\/cannabis\/\"><img loading=\"lazy\" decoding=\"async\" src=\"https:\/\/www.cannabis.es\/pw\/wp-content\/uploads\/2019\/04\/cannabis-300x149.jpg\" alt=\"\" class=\"wp-image-1232\" width=\"175\" height=\"75\"\/><\/a><figcaption>Cannabis<\/figcaption><\/figure><\/div>\n\n\n\n<div class=\"wp-block-image\"><figure class=\"alignleft is-resized\"><a href=\"https:\/\/www.cannabis.es\/pw\/2015\/02\/11\/cocaina\/\"><img loading=\"lazy\" decoding=\"async\" src=\"https:\/\/www.cannabis.es\/pw\/wp-content\/uploads\/2019\/04\/Cocaina-300x149.jpg\" alt=\"\" class=\"wp-image-1233\" width=\"175\" height=\"75\"\/><\/a><figcaption>Coca\u00edna<\/figcaption><\/figure><\/div>\n\n\n\n<div class=\"wp-block-image\"><figure class=\"alignleft is-resized\"><a href=\"https:\/\/www.cannabis.es\/pw\/2015\/02\/11\/estramonio\/\"><img loading=\"lazy\" decoding=\"async\" src=\"https:\/\/www.cannabis.es\/pw\/wp-content\/uploads\/2019\/04\/estramonio_drogopedia-300x149.jpg\" alt=\"\" class=\"wp-image-1241\" width=\"175\" height=\"75\"\/><\/a><figcaption>Estramonio<\/figcaption><\/figure><\/div>\n\n\n\n<div class=\"wp-block-image\"><figure class=\"alignleft is-resized\"><a href=\"https:\/\/www.cannabis.es\/pw\/2015\/02\/11\/ghb\/\"><img loading=\"lazy\" decoding=\"async\" src=\"https:\/\/www.cannabis.es\/pw\/wp-content\/uploads\/2019\/04\/ghb-300x149.jpg\" alt=\"\" class=\"wp-image-1242\" width=\"175\" height=\"75\"\/><\/a><figcaption>GHB<\/figcaption><\/figure><\/div>\n\n\n\n<div class=\"wp-block-image\"><figure class=\"alignleft is-resized\"><a href=\"https:\/\/www.cannabis.es\/pw\/2015\/02\/11\/heroina\/\"><img loading=\"lazy\" decoding=\"async\" src=\"https:\/\/www.cannabis.es\/pw\/wp-content\/uploads\/2019\/04\/heroina-300x149.jpg\" alt=\"\" class=\"wp-image-1243\" width=\"175\" height=\"75\"\/><\/a><figcaption>Hero\u00edna<\/figcaption><\/figure><\/div>\n\n\n\n<div class=\"wp-block-image\"><figure class=\"alignleft is-resized\"><a href=\"https:\/\/www.cannabis.es\/pw\/2015\/02\/11\/ketamina\/\"><img loading=\"lazy\" decoding=\"async\" src=\"https:\/\/www.cannabis.es\/pw\/wp-content\/uploads\/2019\/04\/ketamina-300x149.jpg\" alt=\"\" class=\"wp-image-1251\" width=\"175\" height=\"75\"\/><\/a><figcaption>Ketamina<\/figcaption><\/figure><\/div>\n\n\n\n<div class=\"wp-block-image\"><figure class=\"alignleft is-resized\"><a href=\"https:\/\/www.cannabis.es\/pw\/2015\/02\/11\/lsd\/\"><img loading=\"lazy\" decoding=\"async\" src=\"https:\/\/www.cannabis.es\/pw\/wp-content\/uploads\/2019\/04\/LSD_drogopedia-300x149.jpg\" alt=\"\" class=\"wp-image-1252\" width=\"175\" height=\"75\"\/><\/a><figcaption>LSD<\/figcaption><\/figure><\/div>\n\n\n\n<div class=\"wp-block-image\"><figure class=\"alignleft is-resized\"><a href=\"https:\/\/www.cannabis.es\/pw\/2015\/02\/11\/mdma-extasis\/\"><img loading=\"lazy\" decoding=\"async\" src=\"https:\/\/www.cannabis.es\/pw\/wp-content\/uploads\/2019\/04\/mdma_extasis-300x149.jpg\" alt=\"\" class=\"wp-image-1253\" width=\"175\" height=\"75\"\/><\/a><figcaption>MDMA \/ \u00c9xtasis<\/figcaption><\/figure><\/div>\n\n\n\n<div class=\"wp-block-image\"><figure class=\"alignleft is-resized\"><a href=\"https:\/\/www.cannabis.es\/pw\/2015\/02\/11\/marihuana-sintetica\/\"><img loading=\"lazy\" decoding=\"async\" src=\"https:\/\/www.cannabis.es\/pw\/wp-content\/uploads\/2019\/04\/marihuana_sintetica-300x149.jpg\" alt=\"\" class=\"wp-image-1261\" width=\"175\" height=\"75\"\/><\/a><figcaption>Marihuana sint\u00e9tica<\/figcaption><\/figure><\/div>\n\n\n\n<div class=\"wp-block-image\"><figure class=\"alignleft is-resized\"><a href=\"https:\/\/www.cannabis.es\/pw\/2015\/02\/11\/mescalina\/\"><img loading=\"lazy\" decoding=\"async\" src=\"https:\/\/www.cannabis.es\/pw\/wp-content\/uploads\/2019\/04\/mescalina-300x149.jpg\" alt=\"\" class=\"wp-image-1262\" width=\"175\" height=\"75\"\/><\/a><figcaption>Mescalina<\/figcaption><\/figure><\/div>\n\n\n\n<div class=\"wp-block-image\"><figure class=\"alignleft is-resized\"><a href=\"https:\/\/www.cannabis.es\/pw\/2015\/02\/11\/metadona\/\"><img loading=\"lazy\" decoding=\"async\" src=\"https:\/\/www.cannabis.es\/pw\/wp-content\/uploads\/2019\/04\/metadona-300x149.jpg\" alt=\"\" class=\"wp-image-1263\" width=\"175\" height=\"75\"\/><\/a><figcaption>Metadona<\/figcaption><\/figure><\/div>\n\n\n\n<div class=\"wp-block-image\"><figure class=\"alignleft is-resized\"><a href=\"https:\/\/www.cannabis.es\/pw\/2015\/02\/11\/metanfetamina\/\"><img loading=\"lazy\" decoding=\"async\" src=\"https:\/\/www.cannabis.es\/pw\/wp-content\/uploads\/2019\/04\/metanfetamina-300x149.jpg\" alt=\"\" class=\"wp-image-1272\" width=\"175\" height=\"75\"\/><\/a><figcaption>Metanfetamina<\/figcaption><\/figure><\/div>\n\n\n\n<div class=\"wp-block-image\"><figure class=\"alignleft is-resized\"><a href=\"https:\/\/www.cannabis.es\/pw\/2015\/02\/11\/opio-y-morfina\/\"><img loading=\"lazy\" decoding=\"async\" src=\"https:\/\/www.cannabis.es\/pw\/wp-content\/uploads\/2019\/04\/opio_morfina-300x149.jpg\" alt=\"\" class=\"wp-image-1273\" width=\"175\" height=\"75\"\/><\/a><figcaption>Opio y Morfina<\/figcaption><\/figure><\/div>\n\n\n\n<div class=\"wp-block-image\"><figure class=\"alignleft is-resized\"><a href=\"https:\/\/www.cannabis.es\/pw\/2015\/02\/11\/psilocybes\/\"><img loading=\"lazy\" decoding=\"async\" src=\"https:\/\/www.cannabis.es\/pw\/wp-content\/uploads\/2019\/04\/psilocybe-300x149.jpg\" alt=\"\" class=\"wp-image-1274\" width=\"175\" height=\"75\"\/><\/a><figcaption>Psilocybe<\/figcaption><\/figure><\/div>\n\n\n\n<div class=\"wp-block-image\"><figure class=\"alignleft is-resized\"><a href=\"https:\/\/www.cannabis.es\/pw\/2015\/02\/11\/speed\/\"><img loading=\"lazy\" decoding=\"async\" src=\"https:\/\/www.cannabis.es\/pw\/wp-content\/uploads\/2019\/04\/speed-300x149.jpg\" alt=\"\" class=\"wp-image-1282\" width=\"175\" height=\"75\"\/><\/a><figcaption>Speed<\/figcaption><\/figure><\/div>\n\n\n\n<div class=\"wp-block-image\"><figure class=\"alignleft is-resized\"><a href=\"https:\/\/www.cannabis.es\/pw\/2015\/02\/11\/tabaco\/\"><img loading=\"lazy\" decoding=\"async\" src=\"https:\/\/www.cannabis.es\/pw\/wp-content\/uploads\/2019\/04\/tabaco-300x149.jpg\" alt=\"\" class=\"wp-image-1283\" width=\"175\" height=\"75\"\/><\/a><figcaption>Tabaco<\/figcaption><\/figure><\/div>\n\n\n\n<div class=\"wp-block-image\"><figure class=\"alignleft is-resized\"><a href=\"https:\/\/www.cannabis.es\/pw\/2015\/02\/11\/oxido-nitroso\/\"><img loading=\"lazy\" decoding=\"async\" src=\"https:\/\/www.cannabis.es\/pw\/wp-content\/uploads\/2019\/04\/oxido_nitroso-300x149.jpg\" alt=\"\" class=\"wp-image-1284\" width=\"175\" height=\"75\"\/><\/a><figcaption>\u00d3xido nitroso<\/figcaption><\/figure><\/div>\n\n\n\n\n","protected":false},"excerpt":{"rendered":"Bienvenidos a la&nbsp;Drogopedia&nbsp;de&nbsp;Cannabis.es En este espacio encontrar\u00e9is una recopilaci\u00f3n de fichas (que iremos ampliando y revisando constantemente) con informaci\u00f3n acerca de diversas sustancias, que incluyen descripciones de sus or\u00edgenes, efectos, usos y peligros m\u00e1s comunes, adem\u00e1s de su estatus legal en nuestro pa\u00eds. Desde&nbsp;Cannabis.es siempre te aconsejaremos que no consumas ninguna de estas sustancias, pero [&hellip;]","protected":false},"author":1,"featured_media":0,"parent":0,"menu_order":0,"comment_status":"closed","ping_status":"closed","template":"","meta":{"loftocean-featured-post":"","loftocean_post_format_gallery":"","loftocean_post_format_gallery_ids":"","loftocean_post_format_gallery_urls":"","loftocean_post_format_video_id":"","loftocean_post_format_video_url":"","loftocean_post_format_video_type":"","loftocean_post_format_video":"","loftocean_post_format_audio_type":"","loftocean_post_format_audio_url":"","loftocean_post_format_audio_id":"","loftocean_post_format_audio":"","loftocean_post_format_quote_text":"","loftocean_post_format_quote_byline":"","loftocean_post_format_link_text":"","loftocean_post_format_link_url":"","ceramag_post_header_style":"","ceramag_enable_background_video":"","ceramag_show_in_top_slider":"","ceramag_post_background_video_start":"","ceramag_post_background_video_end":"","loftocean_page_background_video_id":"","loftocean_page_background_video_url":"","loftocean_page_background_video_type":"","loftocean_page_background_video":"","ceramag_background_video_start":"","ceramag_background_video_end":"","ceramag_single_page_hide_header":"","footnotes":""},"class_list":["post-471","page","type-page","status-publish","hentry"],"yoast_head":"<!-- This site is optimized with the Yoast SEO plugin v24.9 - https:\/\/yoast.com\/wordpress\/plugins\/seo\/ -->\n<title>Drogopedia &#8226; Cannabis<\/title>\n<meta name=\"robots\" content=\"index, follow, max-snippet:-1, max-image-preview:large, max-video-preview:-1\" \/>\n<link rel=\"canonical\" href=\"https:\/\/www.cannabis.es\/pw\/drogopedia\/\" \/>\n<meta name=\"twitter:card\" content=\"summary_large_image\" \/>\n<meta name=\"twitter:title\" content=\"Drogopedia &#8226; Cannabis\" \/>\n<meta name=\"twitter:description\" content=\"Bienvenidos a la&nbsp;Drogopedia&nbsp;de&nbsp;Cannabis.es En este espacio encontrar\u00e9is una recopilaci\u00f3n de fichas (que iremos ampliando y revisando constantemente) con informaci\u00f3n acerca de diversas sustancias, que incluyen descripciones de sus or\u00edgenes, efectos, usos y peligros m\u00e1s comunes, adem\u00e1s de su estatus legal en nuestro pa\u00eds. Desde&nbsp;Cannabis.es siempre te aconsejaremos que no consumas ninguna de estas sustancias, pero [&hellip;]\" \/>\n<meta name=\"twitter:image\" content=\"https:\/\/www.cannabis.es\/pw\/wp-content\/uploads\/2019\/04\/2cb.jpg\" \/>\n<meta name=\"twitter:site\" content=\"@cannabis_es\" \/>\n<meta name=\"twitter:label1\" content=\"Tiempo de lectura\" \/>\n\t<meta name=\"twitter:data1\" content=\"1 minuto\" \/>\n<script type=\"application\/ld+json\" class=\"yoast-schema-graph\">{\"@context\":\"https:\/\/schema.org\",\"@graph\":[{\"@type\":\"WebPage\",\"@id\":\"https:\/\/www.cannabis.es\/pw\/drogopedia\/\",\"url\":\"https:\/\/www.cannabis.es\/pw\/drogopedia\/\",\"name\":\"Drogopedia &#8226; Cannabis\",\"isPartOf\":{\"@id\":\"https:\/\/www.cannabis.es\/pw\/#website\"},\"primaryImageOfPage\":{\"@id\":\"https:\/\/www.cannabis.es\/pw\/drogopedia\/#primaryimage\"},\"image\":{\"@id\":\"https:\/\/www.cannabis.es\/pw\/drogopedia\/#primaryimage\"},\"thumbnailUrl\":\"https:\/\/www.cannabis.es\/pw\/wp-content\/uploads\/2019\/04\/2cb-300x149.jpg\",\"datePublished\":\"2017-02-17T08:18:45+00:00\",\"dateModified\":\"2020-06-16T12:54:47+00:00\",\"breadcrumb\":{\"@id\":\"https:\/\/www.cannabis.es\/pw\/drogopedia\/#breadcrumb\"},\"inLanguage\":\"es\",\"potentialAction\":[{\"@type\":\"ReadAction\",\"target\":[\"https:\/\/www.cannabis.es\/pw\/drogopedia\/\"]}]},{\"@type\":\"ImageObject\",\"inLanguage\":\"es\",\"@id\":\"https:\/\/www.cannabis.es\/pw\/drogopedia\/#primaryimage\",\"url\":\"https:\/\/www.cannabis.es\/pw\/wp-content\/uploads\/2019\/04\/2cb.jpg\",\"contentUrl\":\"https:\/\/www.cannabis.es\/pw\/wp-content\/uploads\/2019\/04\/2cb.jpg\",\"width\":735,\"height\":365,\"caption\":\"2C-B\"},{\"@type\":\"BreadcrumbList\",\"@id\":\"https:\/\/www.cannabis.es\/pw\/drogopedia\/#breadcrumb\",\"itemListElement\":[{\"@type\":\"ListItem\",\"position\":1,\"name\":\"Portada\",\"item\":\"http:\/\/www.cannabis.es\/pw\/\"},{\"@type\":\"ListItem\",\"position\":2,\"name\":\"Drogopedia\"}]},{\"@type\":\"WebSite\",\"@id\":\"https:\/\/www.cannabis.es\/pw\/#website\",\"url\":\"https:\/\/www.cannabis.es\/pw\/\",\"name\":\"Cannabis\",\"description\":\"Portal multimedia sobre cannabis y otras sustancias\",\"publisher\":{\"@id\":\"https:\/\/www.cannabis.es\/pw\/#organization\"},\"potentialAction\":[{\"@type\":\"SearchAction\",\"target\":{\"@type\":\"EntryPoint\",\"urlTemplate\":\"https:\/\/www.cannabis.es\/pw\/?s={search_term_string}\"},\"query-input\":{\"@type\":\"PropertyValueSpecification\",\"valueRequired\":true,\"valueName\":\"search_term_string\"}}],\"inLanguage\":\"es\"},{\"@type\":\"Organization\",\"@id\":\"https:\/\/www.cannabis.es\/pw\/#organization\",\"name\":\"Cannabis.es\",\"url\":\"https:\/\/www.cannabis.es\/pw\/\",\"logo\":{\"@type\":\"ImageObject\",\"inLanguage\":\"es\",\"@id\":\"https:\/\/www.cannabis.es\/pw\/#\/schema\/logo\/image\/\",\"url\":\"https:\/\/www.cannabis.es\/pw\/wp-content\/uploads\/2019\/04\/cropped-logo_cannabis.png\",\"contentUrl\":\"https:\/\/www.cannabis.es\/pw\/wp-content\/uploads\/2019\/04\/cropped-logo_cannabis.png\",\"width\":361,\"height\":120,\"caption\":\"Cannabis.es\"},\"image\":{\"@id\":\"https:\/\/www.cannabis.es\/pw\/#\/schema\/logo\/image\/\"},\"sameAs\":[\"https:\/\/x.com\/cannabis_es\"]}]}<\/script>\n<!-- \/ Yoast SEO plugin. -->","yoast_head_json":{"title":"Drogopedia &#8226; Cannabis","robots":{"index":"index","follow":"follow","max-snippet":"max-snippet:-1","max-image-preview":"max-image-preview:large","max-video-preview":"max-video-preview:-1"},"canonical":"https:\/\/www.cannabis.es\/pw\/drogopedia\/","twitter_card":"summary_large_image","twitter_title":"Drogopedia &#8226; Cannabis","twitter_description":"Bienvenidos a la&nbsp;Drogopedia&nbsp;de&nbsp;Cannabis.es En este espacio encontrar\u00e9is una recopilaci\u00f3n de fichas (que iremos ampliando y revisando constantemente) con informaci\u00f3n acerca de diversas sustancias, que incluyen descripciones de sus or\u00edgenes, efectos, usos y peligros m\u00e1s comunes, adem\u00e1s de su estatus legal en nuestro pa\u00eds. Desde&nbsp;Cannabis.es siempre te aconsejaremos que no consumas ninguna de estas sustancias, pero [&hellip;]","twitter_image":"https:\/\/www.cannabis.es\/pw\/wp-content\/uploads\/2019\/04\/2cb.jpg","twitter_site":"@cannabis_es","twitter_misc":{"Tiempo de lectura":"1 minuto"},"schema":{"@context":"https:\/\/schema.org","@graph":[{"@type":"WebPage","@id":"https:\/\/www.cannabis.es\/pw\/drogopedia\/","url":"https:\/\/www.cannabis.es\/pw\/drogopedia\/","name":"Drogopedia &#8226; Cannabis","isPartOf":{"@id":"https:\/\/www.cannabis.es\/pw\/#website"},"primaryImageOfPage":{"@id":"https:\/\/www.cannabis.es\/pw\/drogopedia\/#primaryimage"},"image":{"@id":"https:\/\/www.cannabis.es\/pw\/drogopedia\/#primaryimage"},"thumbnailUrl":"https:\/\/www.cannabis.es\/pw\/wp-content\/uploads\/2019\/04\/2cb-300x149.jpg","datePublished":"2017-02-17T08:18:45+00:00","dateModified":"2020-06-16T12:54:47+00:00","breadcrumb":{"@id":"https:\/\/www.cannabis.es\/pw\/drogopedia\/#breadcrumb"},"inLanguage":"es","potentialAction":[{"@type":"ReadAction","target":["https:\/\/www.cannabis.es\/pw\/drogopedia\/"]}]},{"@type":"ImageObject","inLanguage":"es","@id":"https:\/\/www.cannabis.es\/pw\/drogopedia\/#primaryimage","url":"https:\/\/www.cannabis.es\/pw\/wp-content\/uploads\/2019\/04\/2cb.jpg","contentUrl":"https:\/\/www.cannabis.es\/pw\/wp-content\/uploads\/2019\/04\/2cb.jpg","width":735,"height":365,"caption":"2C-B"},{"@type":"BreadcrumbList","@id":"https:\/\/www.cannabis.es\/pw\/drogopedia\/#breadcrumb","itemListElement":[{"@type":"ListItem","position":1,"name":"Portada","item":"http:\/\/www.cannabis.es\/pw\/"},{"@type":"ListItem","position":2,"name":"Drogopedia"}]},{"@type":"WebSite","@id":"https:\/\/www.cannabis.es\/pw\/#website","url":"https:\/\/www.cannabis.es\/pw\/","name":"Cannabis","description":"Portal multimedia sobre cannabis y otras sustancias","publisher":{"@id":"https:\/\/www.cannabis.es\/pw\/#organization"},"potentialAction":[{"@type":"SearchAction","target":{"@type":"EntryPoint","urlTemplate":"https:\/\/www.cannabis.es\/pw\/?s={search_term_string}"},"query-input":{"@type":"PropertyValueSpecification","valueRequired":true,"valueName":"search_term_string"}}],"inLanguage":"es"},{"@type":"Organization","@id":"https:\/\/www.cannabis.es\/pw\/#organization","name":"Cannabis.es","url":"https:\/\/www.cannabis.es\/pw\/","logo":{"@type":"ImageObject","inLanguage":"es","@id":"https:\/\/www.cannabis.es\/pw\/#\/schema\/logo\/image\/","url":"https:\/\/www.cannabis.es\/pw\/wp-content\/uploads\/2019\/04\/cropped-logo_cannabis.png","contentUrl":"https:\/\/www.cannabis.es\/pw\/wp-content\/uploads\/2019\/04\/cropped-logo_cannabis.png","width":361,"height":120,"caption":"Cannabis.es"},"image":{"@id":"https:\/\/www.cannabis.es\/pw\/#\/schema\/logo\/image\/"},"sameAs":["https:\/\/x.com\/cannabis_es"]}]}},"_links":{"self":[{"href":"https:\/\/www.cannabis.es\/pw\/wp-json\/wp\/v2\/pages\/471","targetHints":{"allow":["GET"]}}],"collection":[{"href":"https:\/\/www.cannabis.es\/pw\/wp-json\/wp\/v2\/pages"}],"about":[{"href":"https:\/\/www.cannabis.es\/pw\/wp-json\/wp\/v2\/types\/page"}],"author":[{"embeddable":true,"href":"https:\/\/www.cannabis.es\/pw\/wp-json\/wp\/v2\/users\/1"}],"replies":[{"embeddable":true,"href":"https:\/\/www.cannabis.es\/pw\/wp-json\/wp\/v2\/comments?post=471"}],"version-history":[{"count":39,"href":"https:\/\/www.cannabis.es\/pw\/wp-json\/wp\/v2\/pages\/471\/revisions"}],"predecessor-version":[{"id":5621,"href":"https:\/\/www.cannabis.es\/pw\/wp-json\/wp\/v2\/pages\/471\/revisions\/5621"}],"wp:attachment":[{"href":"https:\/\/www.cannabis.es\/pw\/wp-json\/wp\/v2\/media?parent=471"}],"curies":[{"name":"wp","href":"https:\/\/api.w.org\/{rel}","templated":true}]}}